



{"id":14039,"date":"2025-01-26T11:10:47","date_gmt":"2025-01-26T10:10:47","guid":{"rendered":"https:\/\/tartgetpaintingprize.com\/?page_id=14039"},"modified":"2025-01-27T20:11:19","modified_gmt":"2025-01-27T19:11:19","slug":"juror-fermin-garcia-sevilla","status":"publish","type":"page","link":"https:\/\/tartgetpaintingprize.com\/index.php\/jury\/juror-fermin-garcia-sevilla\/","title":{"rendered":"Juror &#8211; Fermin Garcia Sevilla"},"content":{"rendered":"\t\t<div data-elementor-type=\"wp-page\" data-elementor-id=\"14039\" class=\"elementor elementor-14039\" data-elementor-post-type=\"page\">\n\t\t\t\t<div class=\"elementor-element elementor-element-ca29584 e-flex e-con-boxed e-con e-parent\" data-id=\"ca29584\" data-element_type=\"container\">\n\t\t\t\t\t<div class=\"e-con-inner\">\n\t\t<div class=\"elementor-element elementor-element-bfcf912 e-con-full e-flex e-con e-child\" data-id=\"bfcf912\" data-element_type=\"container\">\n\t\t\t\t<div class=\"elementor-element elementor-element-b0e7c58 elementor-widget elementor-widget-image\" data-id=\"b0e7c58\" data-element_type=\"widget\" data-widget_type=\"image.default\">\n\t\t\t\t<div class=\"elementor-widget-container\">\n\t\t\t\t\t\t\t\t\t\t\t\t<figure class=\"wp-caption\">\n\t\t\t\t\t\t\t\t\t\t<img fetchpriority=\"high\" decoding=\"async\" width=\"400\" height=\"438\" src=\"https:\/\/tartgetpaintingprize.com\/wp-content\/uploads\/Fermin-Garcia-Sevilla.jpg\" class=\"attachment-medium_large size-medium_large wp-image-14041\" alt=\"Ferm\u00edn Garc\u00eda Sevilla\" \/>\t\t\t\t\t\t\t\t\t\t\t<figcaption class=\"widget-image-caption wp-caption-text\">Ferm\u00edn Garc\u00eda Sevilla<\/figcaption>\n\t\t\t\t\t\t\t\t\t\t<\/figure>\n\t\t\t\t\t\t\t\t\t<\/div>\n\t\t\t\t<\/div>\n\t\t\t\t<\/div>\n\t\t<div class=\"elementor-element elementor-element-fbbe87e e-con-full e-flex e-con e-child\" data-id=\"fbbe87e\" data-element_type=\"container\">\n\t\t<div class=\"elementor-element elementor-element-804e699 e-flex e-con-boxed e-con e-child\" data-id=\"804e699\" data-element_type=\"container\">\n\t\t\t\t\t<div class=\"e-con-inner\">\n\t\t\t\t<div class=\"elementor-element elementor-element-97186dd elementor-widget elementor-widget-heading\" data-id=\"97186dd\" data-element_type=\"widget\" data-widget_type=\"heading.default\">\n\t\t\t\t<div class=\"elementor-widget-container\">\n\t\t\t\t\t<h1 class=\"elementor-heading-title elementor-size-default\">Ferm\u00edn Garc\u00eda Sevilla<\/h1>\t\t\t\t<\/div>\n\t\t\t\t<\/div>\n\t\t\t\t<div class=\"elementor-element elementor-element-017d822 elementor-hidden-mobile elementor-view-default elementor-widget elementor-widget-icon\" data-id=\"017d822\" data-element_type=\"widget\" data-widget_type=\"icon.default\">\n\t\t\t\t<div class=\"elementor-widget-container\">\n\t\t\t\t\t\t\t<div class=\"elementor-icon-wrapper\">\n\t\t\t<a class=\"elementor-icon\" href=\"https:\/\/tartgetpaintingprize.com\/index.php\/jury02\/\">\n\t\t\t<svg aria-hidden=\"true\" class=\"e-font-icon-svg e-fas-arrow-left\" viewBox=\"0 0 448 512\" xmlns=\"http:\/\/www.w3.org\/2000\/svg\"><path d=\"M257.5 445.1l-22.2 22.2c-9.4 9.4-24.6 9.4-33.9 0L7 273c-9.4-9.4-9.4-24.6 0-33.9L201.4 44.7c9.4-9.4 24.6-9.4 33.9 0l22.2 22.2c9.5 9.5 9.3 25-.4 34.3L136.6 216H424c13.3 0 24 10.7 24 24v32c0 13.3-10.7 24-24 24H136.6l120.5 114.8c9.8 9.3 10 24.8.4 34.3z\"><\/path><\/svg>\t\t\t<\/a>\n\t\t<\/div>\n\t\t\t\t\t\t<\/div>\n\t\t\t\t<\/div>\n\t\t\t\t\t<\/div>\n\t\t\t\t<\/div>\n\t\t\t\t<div class=\"elementor-element elementor-element-ffa956d e-grid-align-left elementor-shape-rounded elementor-grid-0 elementor-widget elementor-widget-social-icons\" data-id=\"ffa956d\" data-element_type=\"widget\" data-widget_type=\"social-icons.default\">\n\t\t\t\t<div class=\"elementor-widget-container\">\n\t\t\t\t\t\t\t<div class=\"elementor-social-icons-wrapper elementor-grid\" role=\"list\">\n\t\t\t\t\t\t\t<span class=\"elementor-grid-item\" role=\"listitem\">\n\t\t\t\t\t<a class=\"elementor-icon elementor-social-icon elementor-social-icon-facebook elementor-repeater-item-9d418cd\" href=\"https:\/\/www.facebook.com\/fermin.garciasevilla\/?locale=es_ES\" target=\"_blank\">\n\t\t\t\t\t\t<span class=\"elementor-screen-only\">Facebook<\/span>\n\t\t\t\t\t\t<svg aria-hidden=\"true\" class=\"e-font-icon-svg e-fab-facebook\" viewBox=\"0 0 512 512\" xmlns=\"http:\/\/www.w3.org\/2000\/svg\"><path d=\"M504 256C504 119 393 8 256 8S8 119 8 256c0 123.78 90.69 226.38 209.25 245V327.69h-63V256h63v-54.64c0-62.15 37-96.48 93.67-96.48 27.14 0 55.52 4.84 55.52 4.84v61h-31.28c-30.8 0-40.41 19.12-40.41 38.73V256h68.78l-11 71.69h-57.78V501C413.31 482.38 504 379.78 504 256z\"><\/path><\/svg>\t\t\t\t\t<\/a>\n\t\t\t\t<\/span>\n\t\t\t\t\t\t\t<span class=\"elementor-grid-item\" role=\"listitem\">\n\t\t\t\t\t<a class=\"elementor-icon elementor-social-icon elementor-social-icon-instagram elementor-repeater-item-a8241c4\" href=\"https:\/\/www.instagram.com\/fermin.garcia.sevillaartist\/?hl=es\" target=\"_blank\">\n\t\t\t\t\t\t<span class=\"elementor-screen-only\">Instagram<\/span>\n\t\t\t\t\t\t<svg aria-hidden=\"true\" class=\"e-font-icon-svg e-fab-instagram\" viewBox=\"0 0 448 512\" xmlns=\"http:\/\/www.w3.org\/2000\/svg\"><path d=\"M224.1 141c-63.6 0-114.9 51.3-114.9 114.9s51.3 114.9 114.9 114.9S339 319.5 339 255.9 287.7 141 224.1 141zm0 189.6c-41.1 0-74.7-33.5-74.7-74.7s33.5-74.7 74.7-74.7 74.7 33.5 74.7 74.7-33.6 74.7-74.7 74.7zm146.4-194.3c0 14.9-12 26.8-26.8 26.8-14.9 0-26.8-12-26.8-26.8s12-26.8 26.8-26.8 26.8 12 26.8 26.8zm76.1 27.2c-1.7-35.9-9.9-67.7-36.2-93.9-26.2-26.2-58-34.4-93.9-36.2-37-2.1-147.9-2.1-184.9 0-35.8 1.7-67.6 9.9-93.9 36.1s-34.4 58-36.2 93.9c-2.1 37-2.1 147.9 0 184.9 1.7 35.9 9.9 67.7 36.2 93.9s58 34.4 93.9 36.2c37 2.1 147.9 2.1 184.9 0 35.9-1.7 67.7-9.9 93.9-36.2 26.2-26.2 34.4-58 36.2-93.9 2.1-37 2.1-147.8 0-184.8zM398.8 388c-7.8 19.6-22.9 34.7-42.6 42.6-29.5 11.7-99.5 9-132.1 9s-102.7 2.6-132.1-9c-19.6-7.8-34.7-22.9-42.6-42.6-11.7-29.5-9-99.5-9-132.1s-2.6-102.7 9-132.1c7.8-19.6 22.9-34.7 42.6-42.6 29.5-11.7 99.5-9 132.1-9s102.7-2.6 132.1 9c19.6 7.8 34.7 22.9 42.6 42.6 11.7 29.5 9 99.5 9 132.1s2.7 102.7-9 132.1z\"><\/path><\/svg>\t\t\t\t\t<\/a>\n\t\t\t\t<\/span>\n\t\t\t\t\t<\/div>\n\t\t\t\t\t\t<\/div>\n\t\t\t\t<\/div>\n\t\t\t\t<div class=\"elementor-element elementor-element-6a30289 elementor-widget elementor-widget-heading\" data-id=\"6a30289\" data-element_type=\"widget\" data-widget_type=\"heading.default\">\n\t\t\t\t<div class=\"elementor-widget-container\">\n\t\t\t\t\t<h1 class=\"elementor-heading-title elementor-size-default\"><a href=\"http:\/\/www.fermingarciasevilla.es\/\" target=\"_blank\">www.fermingarciasevilla.es<\/a><\/h1>\t\t\t\t<\/div>\n\t\t\t\t<\/div>\n\t\t\t\t<div class=\"elementor-element elementor-element-f407d41 elementor-hidden-tablet elementor-hidden-mobile elementor-widget elementor-widget-text-editor\" data-id=\"f407d41\" data-element_type=\"widget\" data-widget_type=\"text-editor.default\">\n\t\t\t\t<div class=\"elementor-widget-container\">\n\t\t\t\t\t\t\t\t\t<h3>The Painter of Nature<\/h3><p>Imposing like a windmill on a hill, proud like a centuries-old holm oak in the meadow, determined like a river carving its way through dry land&#8230; This is the painting of Ferm\u00edn Garc\u00eda Sevilla (Tomelloso, 1961), an inevitable artist who was born when La Mancha resonated with free spirits, minds swept up in the frenzy of the hallway, ready to break free, defying the judgment of others.<\/p>\t\t\t\t\t\t\t\t<\/div>\n\t\t\t\t<\/div>\n\t\t\t\t<\/div>\n\t\t<div class=\"elementor-element elementor-element-86c7fb1 e-con-full e-flex e-con e-child\" data-id=\"86c7fb1\" data-element_type=\"container\">\n\t\t\t\t<div class=\"elementor-element elementor-element-f96db91 elementor-widget elementor-widget-text-editor\" data-id=\"f96db91\" data-element_type=\"widget\" data-widget_type=\"text-editor.default\">\n\t\t\t\t<div class=\"elementor-widget-container\">\n\t\t\t\t\t\t\t\t\t<p>How could he not become a &#8220;doctor of brushes and palette&#8221; when he spent his childhood inspired by the song of birds, the green of the fig tree, and the boldness of the Guadiana River? Ferm\u00edn revealed himself as an exceptional draftsman from a very young age. This was known by the great master Antonio L\u00f3pez Torres, who, recognizing his skill, introduced him to the world of painting by talking about light, his obsession with capturing it from life, and the joy felt when translating a landscape onto a canvas.<\/p><p>Many years later, Ferm\u00edn Garc\u00eda Sevilla, countryman and nephew of Antonio L\u00f3pez, is one of the most recognized landscape painters in Spain. His works are part of numerous public and private collections, and his r\u00e9sum\u00e9 shines with many awards. However, the greatest treasure for him is the thousands of students and followers he has accumulated throughout his career. This is the reward for a life dedicated to creation and teaching, from his first experiences as a teacher in his School Workshop to his tours across the country, where he has passed on his passion for plein air painting to young artists.<\/p><p>Ferm\u00edn Garc\u00eda Sevilla, raised in the capital under the influence of Sokoa, a prominent figure in galleries such as Herraiz in Madrid, Xeri\u00f3n in A Coru\u00f1a, Alemi in Le\u00f3n, and Arte Casa in Ciudad Real, will be one of the accredited judges to select the winners among the finalists.<\/p><p>At Tartget Prize, we are thrilled to have this painter with a vibrant and luminous palette, with energetic and expressive brushwork, who immerses us in the vastness of his Quixotic landscapes, the man close to the Guadiana River, the artist who elevates the beauty of his land.<\/p>\t\t\t\t\t\t\t\t<\/div>\n\t\t\t\t<\/div>\n\t\t\t\t<\/div>\n\t\t\t\t\t<\/div>\n\t\t\t\t<\/div>\n\t\t<div class=\"elementor-element elementor-element-5ca45f4 e-flex e-con-boxed e-con e-parent\" data-id=\"5ca45f4\" data-element_type=\"container\" data-settings=\"{&quot;background_background&quot;:&quot;classic&quot;}\">\n\t\t\t\t\t<div class=\"e-con-inner\">\n\t\t\t\t<div class=\"elementor-element elementor-element-60ec4e2 elementor-hidden-desktop elementor-widget elementor-widget-text-editor\" data-id=\"60ec4e2\" data-element_type=\"widget\" data-widget_type=\"text-editor.default\">\n\t\t\t\t<div class=\"elementor-widget-container\">\n\t\t\t\t\t\t\t\t\t<h3>The Painter of Nature<\/h3><p>Imposing like a windmill on a hill, proud like a centuries-old holm oak in the meadow, determined like a river carving its way through dry land&#8230; This is the painting of Ferm\u00edn Garc\u00eda Sevilla (Tomelloso, 1961), an inevitable artist who was born when La Mancha resonated with free spirits, minds swept up in the frenzy of the hallway, ready to break free, defying the judgment of others.<\/p>\t\t\t\t\t\t\t\t<\/div>\n\t\t\t\t<\/div>\n\t\t\t\t\t<\/div>\n\t\t\t\t<\/div>\n\t\t<div class=\"elementor-element elementor-element-90a5f7f e-flex e-con-boxed e-con e-parent\" data-id=\"90a5f7f\" data-element_type=\"container\">\n\t\t\t\t\t<div class=\"e-con-inner\">\n\t\t\t\t<div class=\"elementor-element elementor-element-de1e7a8 elementor-widget elementor-widget-image-gallery\" data-id=\"de1e7a8\" data-element_type=\"widget\" data-widget_type=\"image-gallery.default\">\n\t\t\t\t<div class=\"elementor-widget-container\">\n\t\t\t\t\t\t\t<div class=\"elementor-image-gallery\">\n\t\t\t<div id='gallery-1' class='gallery galleryid-14039 gallery-columns-5 gallery-size-thumbnail'><figure class='gallery-item'>\n\t\t\t<div class='gallery-icon landscape'>\n\t\t\t\t<a data-elementor-open-lightbox=\"yes\" data-elementor-lightbox-slideshow=\"de1e7a8\" data-e-action-hash=\"#elementor-action%3Aaction%3Dlightbox%26settings%3DeyJpZCI6MTQwNDIsInVybCI6Imh0dHBzOlwvXC90YXJ0Z2V0cGFpbnRpbmdwcml6ZS5jb21cL3dwLWNvbnRlbnRcL3VwbG9hZHNcL0Nhc2NhZGEtYS1sYS1TYWx2YWRvcmEuanBnIiwic2xpZGVzaG93IjoiZGUxZTdhOCJ9\" href='https:\/\/tartgetpaintingprize.com\/wp-content\/uploads\/Cascada-a-la-Salvadora.jpg'><img decoding=\"async\" width=\"300\" height=\"300\" src=\"https:\/\/tartgetpaintingprize.com\/wp-content\/uploads\/Cascada-a-la-Salvadora-300x300.jpg\" class=\"attachment-thumbnail size-thumbnail\" alt=\"\" \/><\/a>\n\t\t\t<\/div><\/figure><figure class='gallery-item'>\n\t\t\t<div class='gallery-icon landscape'>\n\t\t\t\t<a data-elementor-open-lightbox=\"yes\" data-elementor-lightbox-slideshow=\"de1e7a8\" data-e-action-hash=\"#elementor-action%3Aaction%3Dlightbox%26settings%3DeyJpZCI6MTQwNDMsInVybCI6Imh0dHBzOlwvXC90YXJ0Z2V0cGFpbnRpbmdwcml6ZS5jb21cL3dwLWNvbnRlbnRcL3VwbG9hZHNcL0FsbWVuZHJvLmpwZyIsInNsaWRlc2hvdyI6ImRlMWU3YTgifQ%3D%3D\" href='https:\/\/tartgetpaintingprize.com\/wp-content\/uploads\/Almendro.jpg'><img decoding=\"async\" width=\"300\" height=\"300\" src=\"https:\/\/tartgetpaintingprize.com\/wp-content\/uploads\/Almendro-300x300.jpg\" class=\"attachment-thumbnail size-thumbnail\" alt=\"\" srcset=\"https:\/\/tartgetpaintingprize.com\/wp-content\/uploads\/Almendro-300x300.jpg 300w, https:\/\/tartgetpaintingprize.com\/wp-content\/uploads\/Almendro-600x597.jpg 600w\" sizes=\"(max-width: 300px) 100vw, 300px\" \/><\/a>\n\t\t\t<\/div><\/figure><figure class='gallery-item'>\n\t\t\t<div class='gallery-icon portrait'>\n\t\t\t\t<a data-elementor-open-lightbox=\"yes\" data-elementor-lightbox-slideshow=\"de1e7a8\" data-e-action-hash=\"#elementor-action%3Aaction%3Dlightbox%26settings%3DeyJpZCI6MTQwNDQsInVybCI6Imh0dHBzOlwvXC90YXJ0Z2V0cGFpbnRpbmdwcml6ZS5jb21cL3dwLWNvbnRlbnRcL3VwbG9hZHNcL0xhZ28tZGUtU2FuYWJyaWEuanBnIiwic2xpZGVzaG93IjoiZGUxZTdhOCJ9\" href='https:\/\/tartgetpaintingprize.com\/wp-content\/uploads\/Lago-de-Sanabria.jpg'><img loading=\"lazy\" decoding=\"async\" width=\"300\" height=\"300\" src=\"https:\/\/tartgetpaintingprize.com\/wp-content\/uploads\/Lago-de-Sanabria-300x300.jpg\" class=\"attachment-thumbnail size-thumbnail\" alt=\"\" \/><\/a>\n\t\t\t<\/div><\/figure><figure class='gallery-item'>\n\t\t\t<div class='gallery-icon landscape'>\n\t\t\t\t<a data-elementor-open-lightbox=\"yes\" data-elementor-lightbox-slideshow=\"de1e7a8\" data-e-action-hash=\"#elementor-action%3Aaction%3Dlightbox%26settings%3DeyJpZCI6MTQwNDUsInVybCI6Imh0dHBzOlwvXC90YXJ0Z2V0cGFpbnRpbmdwcml6ZS5jb21cL3dwLWNvbnRlbnRcL3VwbG9hZHNcL1Rham8uanBnIiwic2xpZGVzaG93IjoiZGUxZTdhOCJ9\" href='https:\/\/tartgetpaintingprize.com\/wp-content\/uploads\/Tajo.jpg'><img loading=\"lazy\" decoding=\"async\" width=\"300\" height=\"300\" src=\"https:\/\/tartgetpaintingprize.com\/wp-content\/uploads\/Tajo-300x300.jpg\" class=\"attachment-thumbnail size-thumbnail\" alt=\"\" \/><\/a>\n\t\t\t<\/div><\/figure><figure class='gallery-item'>\n\t\t\t<div class='gallery-icon landscape'>\n\t\t\t\t<a data-elementor-open-lightbox=\"yes\" data-elementor-lightbox-slideshow=\"de1e7a8\" data-e-action-hash=\"#elementor-action%3Aaction%3Dlightbox%26settings%3DeyJpZCI6MTQwNDYsInVybCI6Imh0dHBzOlwvXC90YXJ0Z2V0cGFpbnRpbmdwcml6ZS5jb21cL3dwLWNvbnRlbnRcL3VwbG9hZHNcL1BhaXNhamUuanBnIiwic2xpZGVzaG93IjoiZGUxZTdhOCJ9\" href='https:\/\/tartgetpaintingprize.com\/wp-content\/uploads\/Paisaje.jpg'><img loading=\"lazy\" decoding=\"async\" width=\"300\" height=\"300\" src=\"https:\/\/tartgetpaintingprize.com\/wp-content\/uploads\/Paisaje-300x300.jpg\" class=\"attachment-thumbnail size-thumbnail\" alt=\"\" \/><\/a>\n\t\t\t<\/div><\/figure>\n\t\t<\/div>\n\t\t<\/div>\n\t\t\t\t\t\t<\/div>\n\t\t\t\t<\/div>\n\t\t\t\t\t<\/div>\n\t\t\t\t<\/div>\n\t\t\t\t<\/div>\n\t\t","protected":false},"excerpt":{"rendered":"<p>Ferm\u00edn Garc\u00eda Sevilla Ferm\u00edn Garc\u00eda Sevilla Facebook Instagram www.fermingarciasevilla.es The Painter of Nature Imposing like a windmill on a hill, proud like a centuries-old holm oak in the meadow, determined like a river carving its way through dry land&#8230; This is the painting of Ferm\u00edn Garc\u00eda Sevilla (Tomelloso, 1961), an inevitable artist who was born [&hellip;]<\/p>\n","protected":false},"author":1,"featured_media":0,"parent":77,"menu_order":0,"comment_status":"closed","ping_status":"closed","template":"","meta":{"footnotes":""},"class_list":["post-14039","page","type-page","status-publish","hentry"],"_links":{"self":[{"href":"https:\/\/tartgetpaintingprize.com\/index.php\/wp-json\/wp\/v2\/pages\/14039","targetHints":{"allow":["GET"]}}],"collection":[{"href":"https:\/\/tartgetpaintingprize.com\/index.php\/wp-json\/wp\/v2\/pages"}],"about":[{"href":"https:\/\/tartgetpaintingprize.com\/index.php\/wp-json\/wp\/v2\/types\/page"}],"author":[{"embeddable":true,"href":"https:\/\/tartgetpaintingprize.com\/index.php\/wp-json\/wp\/v2\/users\/1"}],"replies":[{"embeddable":true,"href":"https:\/\/tartgetpaintingprize.com\/index.php\/wp-json\/wp\/v2\/comments?post=14039"}],"version-history":[{"count":2,"href":"https:\/\/tartgetpaintingprize.com\/index.php\/wp-json\/wp\/v2\/pages\/14039\/revisions"}],"predecessor-version":[{"id":14123,"href":"https:\/\/tartgetpaintingprize.com\/index.php\/wp-json\/wp\/v2\/pages\/14039\/revisions\/14123"}],"up":[{"embeddable":true,"href":"https:\/\/tartgetpaintingprize.com\/index.php\/wp-json\/wp\/v2\/pages\/77"}],"wp:attachment":[{"href":"https:\/\/tartgetpaintingprize.com\/index.php\/wp-json\/wp\/v2\/media?parent=14039"}],"curies":[{"name":"wp","href":"https:\/\/api.w.org\/{rel}","templated":true}]}}