



{"id":14741,"date":"2025-02-06T18:43:41","date_gmt":"2025-02-06T17:43:41","guid":{"rendered":"https:\/\/tartgetpaintingprize.com\/?page_id=14741"},"modified":"2025-02-06T18:47:36","modified_gmt":"2025-02-06T17:47:36","slug":"juror-aurelio-rodriguez","status":"publish","type":"page","link":"https:\/\/tartgetpaintingprize.com\/index.php\/juror-aurelio-rodriguez\/","title":{"rendered":"Juror &#8211; Aurelio Rodriguez"},"content":{"rendered":"\t\t<div data-elementor-type=\"wp-page\" data-elementor-id=\"14741\" class=\"elementor elementor-14741\" data-elementor-post-type=\"page\">\n\t\t\t\t<div class=\"elementor-element elementor-element-ab3e1de e-flex e-con-boxed e-con e-parent\" data-id=\"ab3e1de\" data-element_type=\"container\">\n\t\t\t\t\t<div class=\"e-con-inner\">\n\t\t<div class=\"elementor-element elementor-element-214c180 e-con-full e-flex e-con e-child\" data-id=\"214c180\" data-element_type=\"container\">\n\t\t\t\t<div class=\"elementor-element elementor-element-e3ef8ed elementor-widget elementor-widget-image\" data-id=\"e3ef8ed\" data-element_type=\"widget\" data-widget_type=\"image.default\">\n\t\t\t\t<div class=\"elementor-widget-container\">\n\t\t\t\t\t\t\t\t\t\t\t\t<figure class=\"wp-caption\">\n\t\t\t\t\t\t\t\t\t\t<img fetchpriority=\"high\" decoding=\"async\" width=\"768\" height=\"1201\" src=\"https:\/\/tartgetpaintingprize.com\/wp-content\/uploads\/ARodriguez06-768x1201.jpg\" class=\"attachment-medium_large size-medium_large wp-image-14748\" alt=\"Aurelio Rodr\u00edguez\" srcset=\"https:\/\/tartgetpaintingprize.com\/wp-content\/uploads\/ARodriguez06-768x1201.jpg 768w, https:\/\/tartgetpaintingprize.com\/wp-content\/uploads\/ARodriguez06-384x600.jpg 384w, https:\/\/tartgetpaintingprize.com\/wp-content\/uploads\/ARodriguez06-691x1080.jpg 691w, https:\/\/tartgetpaintingprize.com\/wp-content\/uploads\/ARodriguez06-982x1536.jpg 982w, https:\/\/tartgetpaintingprize.com\/wp-content\/uploads\/ARodriguez06.jpg 1023w\" sizes=\"(max-width: 768px) 100vw, 768px\" \/>\t\t\t\t\t\t\t\t\t\t\t<figcaption class=\"widget-image-caption wp-caption-text\">Aurelio Rodr\u00edguez<\/figcaption>\n\t\t\t\t\t\t\t\t\t\t<\/figure>\n\t\t\t\t\t\t\t\t\t<\/div>\n\t\t\t\t<\/div>\n\t\t\t\t<\/div>\n\t\t<div class=\"elementor-element elementor-element-b5ad54e e-con-full e-flex e-con e-child\" data-id=\"b5ad54e\" data-element_type=\"container\">\n\t\t<div class=\"elementor-element elementor-element-0a8b3ab e-flex e-con-boxed e-con e-child\" data-id=\"0a8b3ab\" data-element_type=\"container\">\n\t\t\t\t\t<div class=\"e-con-inner\">\n\t\t\t\t<div class=\"elementor-element elementor-element-5f70cfc elementor-widget elementor-widget-heading\" data-id=\"5f70cfc\" data-element_type=\"widget\" data-widget_type=\"heading.default\">\n\t\t\t\t<div class=\"elementor-widget-container\">\n\t\t\t\t\t<h1 class=\"elementor-heading-title elementor-size-default\">Aurelio Rodr\u00edguez<\/h1>\t\t\t\t<\/div>\n\t\t\t\t<\/div>\n\t\t\t\t<div class=\"elementor-element elementor-element-c6da172 elementor-hidden-mobile elementor-view-default elementor-widget elementor-widget-icon\" data-id=\"c6da172\" data-element_type=\"widget\" data-widget_type=\"icon.default\">\n\t\t\t\t<div class=\"elementor-widget-container\">\n\t\t\t\t\t\t\t<div class=\"elementor-icon-wrapper\">\n\t\t\t<a class=\"elementor-icon\" href=\"https:\/\/tartgetpaintingprize.com\/index.php\/jury02\/\">\n\t\t\t<svg aria-hidden=\"true\" class=\"e-font-icon-svg e-fas-arrow-left\" viewBox=\"0 0 448 512\" xmlns=\"http:\/\/www.w3.org\/2000\/svg\"><path d=\"M257.5 445.1l-22.2 22.2c-9.4 9.4-24.6 9.4-33.9 0L7 273c-9.4-9.4-9.4-24.6 0-33.9L201.4 44.7c9.4-9.4 24.6-9.4 33.9 0l22.2 22.2c9.5 9.5 9.3 25-.4 34.3L136.6 216H424c13.3 0 24 10.7 24 24v32c0 13.3-10.7 24-24 24H136.6l120.5 114.8c9.8 9.3 10 24.8.4 34.3z\"><\/path><\/svg>\t\t\t<\/a>\n\t\t<\/div>\n\t\t\t\t\t\t<\/div>\n\t\t\t\t<\/div>\n\t\t\t\t\t<\/div>\n\t\t\t\t<\/div>\n\t\t\t\t<div class=\"elementor-element elementor-element-f17160d e-grid-align-left elementor-shape-rounded elementor-grid-0 elementor-widget elementor-widget-social-icons\" data-id=\"f17160d\" data-element_type=\"widget\" data-widget_type=\"social-icons.default\">\n\t\t\t\t<div class=\"elementor-widget-container\">\n\t\t\t\t\t\t\t<div class=\"elementor-social-icons-wrapper elementor-grid\" role=\"list\">\n\t\t\t\t\t\t\t<span class=\"elementor-grid-item\" role=\"listitem\">\n\t\t\t\t\t<a class=\"elementor-icon elementor-social-icon elementor-social-icon-instagram elementor-repeater-item-a8241c4\" href=\"https:\/\/www.instagram.com\/aurelioroylo\/?hl=es\" target=\"_blank\">\n\t\t\t\t\t\t<span class=\"elementor-screen-only\">Instagram<\/span>\n\t\t\t\t\t\t<svg aria-hidden=\"true\" class=\"e-font-icon-svg e-fab-instagram\" viewBox=\"0 0 448 512\" xmlns=\"http:\/\/www.w3.org\/2000\/svg\"><path d=\"M224.1 141c-63.6 0-114.9 51.3-114.9 114.9s51.3 114.9 114.9 114.9S339 319.5 339 255.9 287.7 141 224.1 141zm0 189.6c-41.1 0-74.7-33.5-74.7-74.7s33.5-74.7 74.7-74.7 74.7 33.5 74.7 74.7-33.6 74.7-74.7 74.7zm146.4-194.3c0 14.9-12 26.8-26.8 26.8-14.9 0-26.8-12-26.8-26.8s12-26.8 26.8-26.8 26.8 12 26.8 26.8zm76.1 27.2c-1.7-35.9-9.9-67.7-36.2-93.9-26.2-26.2-58-34.4-93.9-36.2-37-2.1-147.9-2.1-184.9 0-35.8 1.7-67.6 9.9-93.9 36.1s-34.4 58-36.2 93.9c-2.1 37-2.1 147.9 0 184.9 1.7 35.9 9.9 67.7 36.2 93.9s58 34.4 93.9 36.2c37 2.1 147.9 2.1 184.9 0 35.9-1.7 67.7-9.9 93.9-36.2 26.2-26.2 34.4-58 36.2-93.9 2.1-37 2.1-147.8 0-184.8zM398.8 388c-7.8 19.6-22.9 34.7-42.6 42.6-29.5 11.7-99.5 9-132.1 9s-102.7 2.6-132.1-9c-19.6-7.8-34.7-22.9-42.6-42.6-11.7-29.5-9-99.5-9-132.1s-2.6-102.7 9-132.1c7.8-19.6 22.9-34.7 42.6-42.6 29.5-11.7 99.5-9 132.1-9s102.7-2.6 132.1 9c19.6 7.8 34.7 22.9 42.6 42.6 11.7 29.5 9 99.5 9 132.1s2.7 102.7-9 132.1z\"><\/path><\/svg>\t\t\t\t\t<\/a>\n\t\t\t\t<\/span>\n\t\t\t\t\t\t\t<span class=\"elementor-grid-item\" role=\"listitem\">\n\t\t\t\t\t<a class=\"elementor-icon elementor-social-icon elementor-social-icon-facebook elementor-repeater-item-befd177\" href=\"https:\/\/www.facebook.com\/AurelioRoylo\/\" target=\"_blank\">\n\t\t\t\t\t\t<span class=\"elementor-screen-only\">Facebook<\/span>\n\t\t\t\t\t\t<svg aria-hidden=\"true\" class=\"e-font-icon-svg e-fab-facebook\" viewBox=\"0 0 512 512\" xmlns=\"http:\/\/www.w3.org\/2000\/svg\"><path d=\"M504 256C504 119 393 8 256 8S8 119 8 256c0 123.78 90.69 226.38 209.25 245V327.69h-63V256h63v-54.64c0-62.15 37-96.48 93.67-96.48 27.14 0 55.52 4.84 55.52 4.84v61h-31.28c-30.8 0-40.41 19.12-40.41 38.73V256h68.78l-11 71.69h-57.78V501C413.31 482.38 504 379.78 504 256z\"><\/path><\/svg>\t\t\t\t\t<\/a>\n\t\t\t\t<\/span>\n\t\t\t\t\t<\/div>\n\t\t\t\t\t\t<\/div>\n\t\t\t\t<\/div>\n\t\t\t\t<div class=\"elementor-element elementor-element-c50f7be elementor-hidden-tablet elementor-hidden-mobile elementor-widget elementor-widget-text-editor\" data-id=\"c50f7be\" data-element_type=\"widget\" data-widget_type=\"text-editor.default\">\n\t\t\t\t<div class=\"elementor-widget-container\">\n\t\t\t\t\t\t\t\t\t<h3>The Master of Spanish Realism<\/h3><p>With the precision of a watchmaker and the sensitivity of a poet, Aurelio Rodr\u00edguez L\u00f3pez (G\u00e9nave, Ja\u00e9n, 1958) has built an artistic career spanning more than four decades, establishing himself as an emblematic figure of realism and hyperrealism in Spain. His work, which moves between portraits, still lifes, and landscapes, captures the essence of everyday life with technical mastery that transcends mere representation, inviting the viewer to a profound and reflective contemplation.<\/p>\t\t\t\t\t\t\t\t<\/div>\n\t\t\t\t<\/div>\n\t\t\t\t<\/div>\n\t\t<div class=\"elementor-element elementor-element-d49dc3c e-con-full e-flex e-con e-child\" data-id=\"d49dc3c\" data-element_type=\"container\">\n\t\t\t\t<div class=\"elementor-element elementor-element-dff6eb9 elementor-widget elementor-widget-text-editor\" data-id=\"dff6eb9\" data-element_type=\"widget\" data-widget_type=\"text-editor.default\">\n\t\t\t\t<div class=\"elementor-widget-container\">\n\t\t\t\t\t\t\t\t\t<p>Initially trained at the School of Arts and Crafts in Baeza under the guidance of Juan de Dios Mu\u00f1oz Valor, Aurelio expanded his knowledge at the &#8220;Soto Mesa&#8221; Painting Studio in Madrid. Since his first solo exhibition in the Spanish capital in 1979, his career has been a continuous journey of exploration and technical refinement, excelling in the use of pastel and oil painting. His ability to depict meticulous details and his command of light and color have earned him international recognition, with his works included in prestigious public and private collections in more than 50 countries.<\/p><p>Throughout his career, Aurelio has participated in numerous exhibitions across Europe, America, and Asia and has been honored with prestigious awards, including the first prize at the International Pastel Biennale in China and the &#8216;Maggie Price Award.&#8217; Moreover, his work has been selected in renowned competitions such as the &#8216;BP Portrait Award&#8217; at the National Portrait Gallery in London. His dedication and contribution to the art of pastel painting have led him to become a member of the esteemed Master Circle of the International Association of Pastel Societies (IAPS).<\/p><p>Among his most notable projects are commissioned portraits of the royalty of Bahrain and Jordan, as well as prominent figures from the worlds of industry, music, and sports. Several of his works have been auctioned by Sotheby\u2019s at the annual Save the Children gala in London, a testament to his recognition on the international art scene.<\/p><p>Currently, Aurelio resides and works in Estepona, M\u00e1laga, where he continues to develop his artistic legacy and share his passion for realism and figurative art. His impressive and detailed works invite us to pause and appreciate the beauty found in the simplest details of everyday life, reminding us of the richness and depth that art can bring to our perception of the world.<\/p>\t\t\t\t\t\t\t\t<\/div>\n\t\t\t\t<\/div>\n\t\t\t\t<\/div>\n\t\t\t\t\t<\/div>\n\t\t\t\t<\/div>\n\t\t<div class=\"elementor-element elementor-element-ab0a60c e-flex e-con-boxed e-con e-parent\" data-id=\"ab0a60c\" data-element_type=\"container\" data-settings=\"{&quot;background_background&quot;:&quot;classic&quot;}\">\n\t\t\t\t\t<div class=\"e-con-inner\">\n\t\t\t\t<div class=\"elementor-element elementor-element-a08f4e1 elementor-hidden-desktop elementor-widget elementor-widget-text-editor\" data-id=\"a08f4e1\" data-element_type=\"widget\" data-widget_type=\"text-editor.default\">\n\t\t\t\t<div class=\"elementor-widget-container\">\n\t\t\t\t\t\t\t\t\t<h3>The Master of Spanish Realism<\/h3><p>With the precision of a watchmaker and the sensitivity of a poet, Aurelio Rodr\u00edguez L\u00f3pez (G\u00e9nave, Ja\u00e9n, 1958) has built an artistic career spanning more than four decades, establishing himself as an emblematic figure of realism and hyperrealism in Spain. His work, which moves between portraits, still lifes, and landscapes, captures the essence of everyday life with technical mastery that transcends mere representation, inviting the viewer to a profound and reflective contemplation.<\/p>\t\t\t\t\t\t\t\t<\/div>\n\t\t\t\t<\/div>\n\t\t\t\t\t<\/div>\n\t\t\t\t<\/div>\n\t\t<div class=\"elementor-element elementor-element-4f1e479 e-flex e-con-boxed e-con e-parent\" data-id=\"4f1e479\" data-element_type=\"container\">\n\t\t\t\t\t<div class=\"e-con-inner\">\n\t\t\t\t<div class=\"elementor-element elementor-element-107134f elementor-widget elementor-widget-image-gallery\" data-id=\"107134f\" data-element_type=\"widget\" data-widget_type=\"image-gallery.default\">\n\t\t\t\t<div class=\"elementor-widget-container\">\n\t\t\t\t\t\t\t<div class=\"elementor-image-gallery\">\n\t\t\t<div id='gallery-1' class='gallery galleryid-14741 gallery-columns-5 gallery-size-thumbnail'><figure class='gallery-item'>\n\t\t\t<div class='gallery-icon landscape'>\n\t\t\t\t<a data-elementor-open-lightbox=\"yes\" data-elementor-lightbox-slideshow=\"107134f\" data-elementor-lightbox-title=\"La punta rota\" data-e-action-hash=\"#elementor-action%3Aaction%3Dlightbox%26settings%3DeyJpZCI6MTQ3NDksInVybCI6Imh0dHBzOlwvXC90YXJ0Z2V0cGFpbnRpbmdwcml6ZS5jb21cL3dwLWNvbnRlbnRcL3VwbG9hZHNcL0FSb2RyaWd1ZXowMy5qcGciLCJzbGlkZXNob3ciOiIxMDcxMzRmIn0%3D\" href='https:\/\/tartgetpaintingprize.com\/wp-content\/uploads\/ARodriguez03.jpg'><img decoding=\"async\" width=\"300\" height=\"300\" src=\"https:\/\/tartgetpaintingprize.com\/wp-content\/uploads\/ARodriguez03-300x300.jpg\" class=\"attachment-thumbnail size-thumbnail\" alt=\"\" aria-describedby=\"gallery-1-14749\" srcset=\"https:\/\/tartgetpaintingprize.com\/wp-content\/uploads\/ARodriguez03-300x300.jpg 300w, https:\/\/tartgetpaintingprize.com\/wp-content\/uploads\/ARodriguez03-600x600.jpg 600w, https:\/\/tartgetpaintingprize.com\/wp-content\/uploads\/ARodriguez03-768x768.jpg 768w, https:\/\/tartgetpaintingprize.com\/wp-content\/uploads\/ARodriguez03.jpg 800w\" sizes=\"(max-width: 300px) 100vw, 300px\" \/><\/a>\n\t\t\t<\/div>\n\t\t\t\t<figcaption class='wp-caption-text gallery-caption' id='gallery-1-14749'>\n\t\t\t\tLa punta rota\n\t\t\t\t<\/figcaption><\/figure><figure class='gallery-item'>\n\t\t\t<div class='gallery-icon portrait'>\n\t\t\t\t<a data-elementor-open-lightbox=\"yes\" data-elementor-lightbox-slideshow=\"107134f\" data-elementor-lightbox-title=\"From the Mediterranean II\" data-e-action-hash=\"#elementor-action%3Aaction%3Dlightbox%26settings%3DeyJpZCI6MTQ3NTAsInVybCI6Imh0dHBzOlwvXC90YXJ0Z2V0cGFpbnRpbmdwcml6ZS5jb21cL3dwLWNvbnRlbnRcL3VwbG9hZHNcL0FSb2RyaWd1ZXowNC5qcGciLCJzbGlkZXNob3ciOiIxMDcxMzRmIn0%3D\" href='https:\/\/tartgetpaintingprize.com\/wp-content\/uploads\/ARodriguez04.jpg'><img decoding=\"async\" width=\"300\" height=\"300\" src=\"https:\/\/tartgetpaintingprize.com\/wp-content\/uploads\/ARodriguez04-300x300.jpg\" class=\"attachment-thumbnail size-thumbnail\" alt=\"\" aria-describedby=\"gallery-1-14750\" \/><\/a>\n\t\t\t<\/div>\n\t\t\t\t<figcaption class='wp-caption-text gallery-caption' id='gallery-1-14750'>\n\t\t\t\tFrom the Mediterranean II\n\t\t\t\t<\/figcaption><\/figure><figure class='gallery-item'>\n\t\t\t<div class='gallery-icon portrait'>\n\t\t\t\t<a data-elementor-open-lightbox=\"yes\" data-elementor-lightbox-slideshow=\"107134f\" data-elementor-lightbox-title=\"Holi V\" data-e-action-hash=\"#elementor-action%3Aaction%3Dlightbox%26settings%3DeyJpZCI6MTQ3NTEsInVybCI6Imh0dHBzOlwvXC90YXJ0Z2V0cGFpbnRpbmdwcml6ZS5jb21cL3dwLWNvbnRlbnRcL3VwbG9hZHNcL0FSb2RyaWd1ZXowNS5qcGciLCJzbGlkZXNob3ciOiIxMDcxMzRmIn0%3D\" href='https:\/\/tartgetpaintingprize.com\/wp-content\/uploads\/ARodriguez05.jpg'><img loading=\"lazy\" decoding=\"async\" width=\"300\" height=\"300\" src=\"https:\/\/tartgetpaintingprize.com\/wp-content\/uploads\/ARodriguez05-300x300.jpg\" class=\"attachment-thumbnail size-thumbnail\" alt=\"\" aria-describedby=\"gallery-1-14751\" \/><\/a>\n\t\t\t<\/div>\n\t\t\t\t<figcaption class='wp-caption-text gallery-caption' id='gallery-1-14751'>\n\t\t\t\tHoli V\n\t\t\t\t<\/figcaption><\/figure><figure class='gallery-item'>\n\t\t\t<div class='gallery-icon landscape'>\n\t\t\t\t<a data-elementor-open-lightbox=\"yes\" data-elementor-lightbox-slideshow=\"107134f\" data-elementor-lightbox-title=\"Painting Old Chinese Pottery\" data-e-action-hash=\"#elementor-action%3Aaction%3Dlightbox%26settings%3DeyJpZCI6MTQ3NTIsInVybCI6Imh0dHBzOlwvXC90YXJ0Z2V0cGFpbnRpbmdwcml6ZS5jb21cL3dwLWNvbnRlbnRcL3VwbG9hZHNcL0FSb2RyaWd1ZXowOC5qcGciLCJzbGlkZXNob3ciOiIxMDcxMzRmIn0%3D\" href='https:\/\/tartgetpaintingprize.com\/wp-content\/uploads\/ARodriguez08.jpg'><img loading=\"lazy\" decoding=\"async\" width=\"300\" height=\"300\" src=\"https:\/\/tartgetpaintingprize.com\/wp-content\/uploads\/ARodriguez08-300x300.jpg\" class=\"attachment-thumbnail size-thumbnail\" alt=\"\" aria-describedby=\"gallery-1-14752\" \/><\/a>\n\t\t\t<\/div>\n\t\t\t\t<figcaption class='wp-caption-text gallery-caption' id='gallery-1-14752'>\n\t\t\t\tPainting Old Chinese Pottery\n\t\t\t\t<\/figcaption><\/figure><figure class='gallery-item'>\n\t\t\t<div class='gallery-icon portrait'>\n\t\t\t\t<a data-elementor-open-lightbox=\"yes\" data-elementor-lightbox-slideshow=\"107134f\" data-elementor-lightbox-title=\"Lascelle\" data-e-action-hash=\"#elementor-action%3Aaction%3Dlightbox%26settings%3DeyJpZCI6MTQ3NTMsInVybCI6Imh0dHBzOlwvXC90YXJ0Z2V0cGFpbnRpbmdwcml6ZS5jb21cL3dwLWNvbnRlbnRcL3VwbG9hZHNcL0FSb2RyaWd1ZXowMS5qcGciLCJzbGlkZXNob3ciOiIxMDcxMzRmIn0%3D\" href='https:\/\/tartgetpaintingprize.com\/wp-content\/uploads\/ARodriguez01.jpg'><img loading=\"lazy\" decoding=\"async\" width=\"300\" height=\"300\" src=\"https:\/\/tartgetpaintingprize.com\/wp-content\/uploads\/ARodriguez01-300x300.jpg\" class=\"attachment-thumbnail size-thumbnail\" alt=\"\" aria-describedby=\"gallery-1-14753\" \/><\/a>\n\t\t\t<\/div>\n\t\t\t\t<figcaption class='wp-caption-text gallery-caption' id='gallery-1-14753'>\n\t\t\t\tLascelle\n\t\t\t\t<\/figcaption><\/figure>\n\t\t<\/div>\n\t\t<\/div>\n\t\t\t\t\t\t<\/div>\n\t\t\t\t<\/div>\n\t\t\t\t\t<\/div>\n\t\t\t\t<\/div>\n\t\t\t\t<\/div>\n\t\t","protected":false},"excerpt":{"rendered":"<p>Aurelio Rodr\u00edguez Aurelio Rodr\u00edguez Instagram Facebook The Master of Spanish Realism With the precision of a watchmaker and the sensitivity of a poet, Aurelio Rodr\u00edguez L\u00f3pez (G\u00e9nave, Ja\u00e9n, 1958) has built an artistic career spanning more than four decades, establishing himself as an emblematic figure of realism and hyperrealism in Spain. His work, which moves [&hellip;]<\/p>\n","protected":false},"author":1,"featured_media":0,"parent":0,"menu_order":0,"comment_status":"closed","ping_status":"closed","template":"","meta":{"footnotes":""},"class_list":["post-14741","page","type-page","status-publish","hentry"],"_links":{"self":[{"href":"https:\/\/tartgetpaintingprize.com\/index.php\/wp-json\/wp\/v2\/pages\/14741","targetHints":{"allow":["GET"]}}],"collection":[{"href":"https:\/\/tartgetpaintingprize.com\/index.php\/wp-json\/wp\/v2\/pages"}],"about":[{"href":"https:\/\/tartgetpaintingprize.com\/index.php\/wp-json\/wp\/v2\/types\/page"}],"author":[{"embeddable":true,"href":"https:\/\/tartgetpaintingprize.com\/index.php\/wp-json\/wp\/v2\/users\/1"}],"replies":[{"embeddable":true,"href":"https:\/\/tartgetpaintingprize.com\/index.php\/wp-json\/wp\/v2\/comments?post=14741"}],"version-history":[{"count":2,"href":"https:\/\/tartgetpaintingprize.com\/index.php\/wp-json\/wp\/v2\/pages\/14741\/revisions"}],"predecessor-version":[{"id":14759,"href":"https:\/\/tartgetpaintingprize.com\/index.php\/wp-json\/wp\/v2\/pages\/14741\/revisions\/14759"}],"wp:attachment":[{"href":"https:\/\/tartgetpaintingprize.com\/index.php\/wp-json\/wp\/v2\/media?parent=14741"}],"curies":[{"name":"wp","href":"https:\/\/api.w.org\/{rel}","templated":true}]}}