



{"id":18480,"date":"2025-03-09T10:41:36","date_gmt":"2025-03-09T09:41:36","guid":{"rendered":"https:\/\/tartgetpaintingprize.com\/?page_id=18480"},"modified":"2025-03-17T17:34:43","modified_gmt":"2025-03-17T16:34:43","slug":"lista-semifinalistas","status":"publish","type":"page","link":"https:\/\/tartgetpaintingprize.com\/index.php\/lista-semifinalistas\/","title":{"rendered":"Lista semifinalistas"},"content":{"rendered":"\t\t<div data-elementor-type=\"wp-page\" data-elementor-id=\"18480\" class=\"elementor elementor-18480\" data-elementor-post-type=\"page\">\n\t\t\t\t<div class=\"elementor-element elementor-element-27775d8 e-con-full e-flex e-con e-child\" data-id=\"27775d8\" data-element_type=\"container\" data-settings=\"{&quot;background_background&quot;:&quot;classic&quot;,&quot;sticky&quot;:&quot;top&quot;,&quot;sticky_on&quot;:[&quot;desktop&quot;],&quot;sticky_offset&quot;:0,&quot;sticky_effects_offset&quot;:0,&quot;sticky_anchor_link_offset&quot;:0}\">\n\t\t<div class=\"elementor-element elementor-element-49602c8 e-con-full e-flex e-con e-child\" data-id=\"49602c8\" data-element_type=\"container\">\n\t\t\t\t<div class=\"elementor-element elementor-element-3cc26ea elementor-widget elementor-widget-heading\" data-id=\"3cc26ea\" data-element_type=\"widget\" data-widget_type=\"heading.default\">\n\t\t\t\t<div class=\"elementor-widget-container\">\n\t\t\t\t\t<h2 class=\"elementor-heading-title elementor-size-default\">List of semifinalists<\/h2>\t\t\t\t<\/div>\n\t\t\t\t<\/div>\n\t\t\t\t<div class=\"elementor-element elementor-element-4323746 elementor-widget elementor-widget-text-editor\" data-id=\"4323746\" data-element_type=\"widget\" data-widget_type=\"text-editor.default\">\n\t\t\t\t<div class=\"elementor-widget-container\">\n\t\t\t\t\t\t\t\t\tThis list of semifinalists <strong><span style=\"font-size: 25px; color: #6e2449;\">does not include <\/span><\/strong>works that have already been awarded finalist status in the October and December pre-deadlines.\t\t\t\t\t\t\t\t<\/div>\n\t\t\t\t<\/div>\n\t\t\t\t<\/div>\n\t\t<div class=\"elementor-element elementor-element-a20be5b e-con-full e-flex e-con e-child\" data-id=\"a20be5b\" data-element_type=\"container\">\n\t\t\t\t<div class=\"elementor-element elementor-element-4f1d8b5 elementor-widget elementor-widget-image\" data-id=\"4f1d8b5\" data-element_type=\"widget\" data-widget_type=\"image.default\">\n\t\t\t\t<div class=\"elementor-widget-container\">\n\t\t\t\t\t\t\t\t\t\t\t\t\t\t\t<img decoding=\"async\" src=\"https:\/\/tartgetpaintingprize.com\/wp-content\/uploads\/elementor\/thumbs\/logo-2-fondo-claro-qojrxgyzh3tbjf3tghomafl05e0xs9wwgnj5ov8apg.png\" title=\"logo-2-fondo-claro\" alt=\"tARTget\" loading=\"lazy\" \/>\t\t\t\t\t\t\t\t\t\t\t\t\t\t\t<\/div>\n\t\t\t\t<\/div>\n\t\t\t\t<\/div>\n\t\t\t\t<\/div>\n\t\t<div class=\"elementor-element elementor-element-85c2fa9 e-flex e-con-boxed e-con e-parent\" data-id=\"85c2fa9\" data-element_type=\"container\">\n\t\t\t\t\t<div class=\"e-con-inner\">\n\t\t\t\t<div class=\"elementor-element elementor-element-4ff2511 elementor-widget elementor-widget-jet-listing-grid\" data-id=\"4ff2511\" data-element_type=\"widget\" id=\"pag-semifinalistas\" data-settings=\"{&quot;columns&quot;:&quot;2&quot;,&quot;columns_mobile&quot;:&quot;1&quot;}\" data-widget_type=\"jet-listing-grid.default\">\n\t\t\t\t<div class=\"elementor-widget-container\">\n\t\t\t\t\t<div class=\"jet-listing-grid jet-listing\"><div class=\"jet-listing-not-found jet-listing-grid__items\" data-nav=\"{&quot;enabled&quot;:false,&quot;type&quot;:null,&quot;more_el&quot;:null,&quot;query&quot;:[],&quot;widget_settings&quot;:{&quot;lisitng_id&quot;:18494,&quot;posts_num&quot;:6,&quot;columns&quot;:2,&quot;columns_tablet&quot;:2,&quot;columns_mobile&quot;:1,&quot;column_min_width&quot;:240,&quot;column_min_width_tablet&quot;:240,&quot;column_min_width_mobile&quot;:240,&quot;inline_columns_css&quot;:false,&quot;is_archive_template&quot;:&quot;&quot;,&quot;post_status&quot;:[&quot;publish&quot;],&quot;use_random_posts_num&quot;:&quot;&quot;,&quot;max_posts_num&quot;:9,&quot;not_found_message&quot;:&quot;No data was found&quot;,&quot;is_masonry&quot;:false,&quot;equal_columns_height&quot;:&quot;&quot;,&quot;use_load_more&quot;:&quot;&quot;,&quot;load_more_id&quot;:&quot;&quot;,&quot;load_more_type&quot;:&quot;scroll&quot;,&quot;load_more_offset&quot;:{&quot;unit&quot;:&quot;px&quot;,&quot;size&quot;:0,&quot;sizes&quot;:[]},&quot;use_custom_post_types&quot;:&quot;&quot;,&quot;custom_post_types&quot;:[],&quot;hide_widget_if&quot;:&quot;&quot;,&quot;carousel_enabled&quot;:&quot;&quot;,&quot;slides_to_scroll&quot;:&quot;1&quot;,&quot;arrows&quot;:&quot;true&quot;,&quot;arrow_icon&quot;:&quot;fa fa-angle-left&quot;,&quot;dots&quot;:&quot;&quot;,&quot;autoplay&quot;:&quot;true&quot;,&quot;pause_on_hover&quot;:&quot;true&quot;,&quot;autoplay_speed&quot;:5000,&quot;infinite&quot;:&quot;true&quot;,&quot;center_mode&quot;:&quot;&quot;,&quot;effect&quot;:&quot;slide&quot;,&quot;speed&quot;:500,&quot;inject_alternative_items&quot;:&quot;&quot;,&quot;injection_items&quot;:[],&quot;scroll_slider_enabled&quot;:&quot;&quot;,&quot;scroll_slider_on&quot;:[&quot;desktop&quot;,&quot;tablet&quot;,&quot;mobile&quot;],&quot;custom_query&quot;:false,&quot;custom_query_id&quot;:&quot;29&quot;,&quot;_element_id&quot;:&quot;pag-semifinalistas&quot;,&quot;collapse_first_last_gap&quot;:false,&quot;list_tag_selection&quot;:&quot;&quot;,&quot;list_items_wrapper_tag&quot;:&quot;div&quot;,&quot;list_item_tag&quot;:&quot;div&quot;,&quot;empty_items_wrapper_tag&quot;:&quot;div&quot;}}\" data-listing-source=\"query\" data-listing-id=\"18494\" data-query-id=\"29\" data-queried-id=\"18480|WP_Post\">No data was found<\/div><\/div>\t\t\t\t<\/div>\n\t\t\t\t<\/div>\n\t\t\t\t\t<\/div>\n\t\t\t\t<\/div>\n\t\t\t\t<\/div>\n\t\t","protected":false},"excerpt":{"rendered":"<p>List of semifinalists This list of semifinalists does not include works that have already been awarded finalist status in the October and December pre-deadlines. achraf bellouch Adolfo Manuel Merino Mareque Adriana Rovira Agnes Zaszkaliczky Agust\u00edn Mar\u00eda Agust\u00edn Pontesta Icuza A.Pontesta ahmet rustu Do\u011fan Aime\u00e9 Jeanne Bourgon Aitor Ortega ALBA CANTERA P\u00c9REZ Alejandro Batista Dom\u00ednguez Alejandro [&hellip;]<\/p>\n","protected":false},"author":1,"featured_media":0,"parent":0,"menu_order":0,"comment_status":"closed","ping_status":"closed","template":"","meta":{"footnotes":""},"class_list":["post-18480","page","type-page","status-publish","hentry"],"_links":{"self":[{"href":"https:\/\/tartgetpaintingprize.com\/index.php\/wp-json\/wp\/v2\/pages\/18480","targetHints":{"allow":["GET"]}}],"collection":[{"href":"https:\/\/tartgetpaintingprize.com\/index.php\/wp-json\/wp\/v2\/pages"}],"about":[{"href":"https:\/\/tartgetpaintingprize.com\/index.php\/wp-json\/wp\/v2\/types\/page"}],"author":[{"embeddable":true,"href":"https:\/\/tartgetpaintingprize.com\/index.php\/wp-json\/wp\/v2\/users\/1"}],"replies":[{"embeddable":true,"href":"https:\/\/tartgetpaintingprize.com\/index.php\/wp-json\/wp\/v2\/comments?post=18480"}],"version-history":[{"count":2,"href":"https:\/\/tartgetpaintingprize.com\/index.php\/wp-json\/wp\/v2\/pages\/18480\/revisions"}],"predecessor-version":[{"id":19155,"href":"https:\/\/tartgetpaintingprize.com\/index.php\/wp-json\/wp\/v2\/pages\/18480\/revisions\/19155"}],"wp:attachment":[{"href":"https:\/\/tartgetpaintingprize.com\/index.php\/wp-json\/wp\/v2\/media?parent=18480"}],"curies":[{"name":"wp","href":"https:\/\/api.w.org\/{rel}","templated":true}]}}