



{"id":20749,"date":"2025-05-06T18:48:55","date_gmt":"2025-05-06T16:48:55","guid":{"rendered":"https:\/\/tartgetpaintingprize.com\/?page_id=20749"},"modified":"2025-05-06T18:55:24","modified_gmt":"2025-05-06T16:55:24","slug":"juror-mercedes-lara","status":"publish","type":"page","link":"https:\/\/tartgetpaintingprize.com\/index.php\/juror-mercedes-lara\/","title":{"rendered":"Juror &#8211; Mercedes Lara"},"content":{"rendered":"\t\t<div data-elementor-type=\"wp-page\" data-elementor-id=\"20749\" class=\"elementor elementor-20749\" data-elementor-post-type=\"page\">\n\t\t\t\t<div class=\"elementor-element elementor-element-e6326d6 e-flex e-con-boxed e-con e-parent\" data-id=\"e6326d6\" data-element_type=\"container\">\n\t\t\t\t\t<div class=\"e-con-inner\">\n\t\t<div class=\"elementor-element elementor-element-61fae1a e-con-full e-flex e-con e-child\" data-id=\"61fae1a\" data-element_type=\"container\">\n\t\t\t\t<div class=\"elementor-element elementor-element-302ca96 elementor-widget elementor-widget-image\" data-id=\"302ca96\" data-element_type=\"widget\" data-widget_type=\"image.default\">\n\t\t\t\t<div class=\"elementor-widget-container\">\n\t\t\t\t\t\t\t\t\t\t\t\t<figure class=\"wp-caption\">\n\t\t\t\t\t\t\t\t\t\t<img fetchpriority=\"high\" decoding=\"async\" width=\"768\" height=\"1017\" src=\"https:\/\/tartgetpaintingprize.com\/wp-content\/uploads\/Mercedes-Lara-768x1017.jpg\" class=\"attachment-medium_large size-medium_large wp-image-20751\" alt=\"Mercedes Lara Garz\u00e1s\" srcset=\"https:\/\/tartgetpaintingprize.com\/wp-content\/uploads\/Mercedes-Lara-768x1017.jpg 768w, https:\/\/tartgetpaintingprize.com\/wp-content\/uploads\/Mercedes-Lara-453x600.jpg 453w, https:\/\/tartgetpaintingprize.com\/wp-content\/uploads\/Mercedes-Lara-815x1080.jpg 815w, https:\/\/tartgetpaintingprize.com\/wp-content\/uploads\/Mercedes-Lara.jpg 909w\" sizes=\"(max-width: 768px) 100vw, 768px\" \/>\t\t\t\t\t\t\t\t\t\t\t<figcaption class=\"widget-image-caption wp-caption-text\">Mercedes Lara Garz\u00e1s<\/figcaption>\n\t\t\t\t\t\t\t\t\t\t<\/figure>\n\t\t\t\t\t\t\t\t\t<\/div>\n\t\t\t\t<\/div>\n\t\t\t\t<\/div>\n\t\t<div class=\"elementor-element elementor-element-84653ba e-con-full e-flex e-con e-child\" data-id=\"84653ba\" data-element_type=\"container\">\n\t\t<div class=\"elementor-element elementor-element-ab3a223 e-flex e-con-boxed e-con e-child\" data-id=\"ab3a223\" data-element_type=\"container\">\n\t\t\t\t\t<div class=\"e-con-inner\">\n\t\t\t\t<div class=\"elementor-element elementor-element-a0e47f1 elementor-widget elementor-widget-heading\" data-id=\"a0e47f1\" data-element_type=\"widget\" data-widget_type=\"heading.default\">\n\t\t\t\t<div class=\"elementor-widget-container\">\n\t\t\t\t\t<h1 class=\"elementor-heading-title elementor-size-default\">Mercedes Lara Garz\u00e1s<\/h1>\t\t\t\t<\/div>\n\t\t\t\t<\/div>\n\t\t\t\t<div class=\"elementor-element elementor-element-a1e5355 elementor-hidden-mobile elementor-view-default elementor-widget elementor-widget-icon\" data-id=\"a1e5355\" data-element_type=\"widget\" data-widget_type=\"icon.default\">\n\t\t\t\t<div class=\"elementor-widget-container\">\n\t\t\t\t\t\t\t<div class=\"elementor-icon-wrapper\">\n\t\t\t<a class=\"elementor-icon\" href=\"https:\/\/tartgetpaintingprize.com\/index.php\/jury02\/\">\n\t\t\t<svg aria-hidden=\"true\" class=\"e-font-icon-svg e-fas-arrow-left\" viewBox=\"0 0 448 512\" xmlns=\"http:\/\/www.w3.org\/2000\/svg\"><path d=\"M257.5 445.1l-22.2 22.2c-9.4 9.4-24.6 9.4-33.9 0L7 273c-9.4-9.4-9.4-24.6 0-33.9L201.4 44.7c9.4-9.4 24.6-9.4 33.9 0l22.2 22.2c9.5 9.5 9.3 25-.4 34.3L136.6 216H424c13.3 0 24 10.7 24 24v32c0 13.3-10.7 24-24 24H136.6l120.5 114.8c9.8 9.3 10 24.8.4 34.3z\"><\/path><\/svg>\t\t\t<\/a>\n\t\t<\/div>\n\t\t\t\t\t\t<\/div>\n\t\t\t\t<\/div>\n\t\t\t\t\t<\/div>\n\t\t\t\t<\/div>\n\t\t\t\t<div class=\"elementor-element elementor-element-008ec80 e-grid-align-left elementor-shape-rounded elementor-grid-0 elementor-widget elementor-widget-social-icons\" data-id=\"008ec80\" data-element_type=\"widget\" data-widget_type=\"social-icons.default\">\n\t\t\t\t<div class=\"elementor-widget-container\">\n\t\t\t\t\t\t\t<div class=\"elementor-social-icons-wrapper elementor-grid\">\n\t\t\t\t\t\t\t<span class=\"elementor-grid-item\">\n\t\t\t\t\t<a class=\"elementor-icon elementor-social-icon elementor-social-icon-instagram elementor-repeater-item-a8241c4\" href=\"https:\/\/www.instagram.com\/laragarzas\/\" target=\"_blank\">\n\t\t\t\t\t\t<span class=\"elementor-screen-only\">Instagram<\/span>\n\t\t\t\t\t\t<svg aria-hidden=\"true\" class=\"e-font-icon-svg e-fab-instagram\" viewBox=\"0 0 448 512\" xmlns=\"http:\/\/www.w3.org\/2000\/svg\"><path d=\"M224.1 141c-63.6 0-114.9 51.3-114.9 114.9s51.3 114.9 114.9 114.9S339 319.5 339 255.9 287.7 141 224.1 141zm0 189.6c-41.1 0-74.7-33.5-74.7-74.7s33.5-74.7 74.7-74.7 74.7 33.5 74.7 74.7-33.6 74.7-74.7 74.7zm146.4-194.3c0 14.9-12 26.8-26.8 26.8-14.9 0-26.8-12-26.8-26.8s12-26.8 26.8-26.8 26.8 12 26.8 26.8zm76.1 27.2c-1.7-35.9-9.9-67.7-36.2-93.9-26.2-26.2-58-34.4-93.9-36.2-37-2.1-147.9-2.1-184.9 0-35.8 1.7-67.6 9.9-93.9 36.1s-34.4 58-36.2 93.9c-2.1 37-2.1 147.9 0 184.9 1.7 35.9 9.9 67.7 36.2 93.9s58 34.4 93.9 36.2c37 2.1 147.9 2.1 184.9 0 35.9-1.7 67.7-9.9 93.9-36.2 26.2-26.2 34.4-58 36.2-93.9 2.1-37 2.1-147.8 0-184.8zM398.8 388c-7.8 19.6-22.9 34.7-42.6 42.6-29.5 11.7-99.5 9-132.1 9s-102.7 2.6-132.1-9c-19.6-7.8-34.7-22.9-42.6-42.6-11.7-29.5-9-99.5-9-132.1s-2.6-102.7 9-132.1c7.8-19.6 22.9-34.7 42.6-42.6 29.5-11.7 99.5-9 132.1-9s102.7-2.6 132.1 9c19.6 7.8 34.7 22.9 42.6 42.6 11.7 29.5 9 99.5 9 132.1s2.7 102.7-9 132.1z\"><\/path><\/svg>\t\t\t\t\t<\/a>\n\t\t\t\t<\/span>\n\t\t\t\t\t<\/div>\n\t\t\t\t\t\t<\/div>\n\t\t\t\t<\/div>\n\t\t\t\t<div class=\"elementor-element elementor-element-8ead52f elementor-widget elementor-widget-heading\" data-id=\"8ead52f\" data-element_type=\"widget\" data-widget_type=\"heading.default\">\n\t\t\t\t<div class=\"elementor-widget-container\">\n\t\t\t\t\t<h1 class=\"elementor-heading-title elementor-size-default\"><a href=\"https:\/\/www.mercedeslara.com\/\" target=\"_blank\">www.mercedeslara.com<\/a><\/h1>\t\t\t\t<\/div>\n\t\t\t\t<\/div>\n\t\t\t\t<div class=\"elementor-element elementor-element-2a9f631 elementor-widget elementor-widget-text-editor\" data-id=\"2a9f631\" data-element_type=\"widget\" data-widget_type=\"text-editor.default\">\n\t\t\t\t<div class=\"elementor-widget-container\">\n\t\t\t\t\t\t\t\t\t<p><strong>Light, Time, and Space as Artistic Territory.<\/strong><\/p><p>Born in Daimiel (Ciudad Real) in 1967 and based in Madrid, <strong>Mercedes Lara Garz\u00e1s is a contemporary artist whose work spans multiple media and materials, united by a constant: the poetic and conceptual exploration of time, space, borders, and memory.<\/strong> Her career, as extensive as it is rigorous, ranges from sculptural installations to delicate pieces in glass, ceramics, or paper, where light serves as both a structural and emotional anchor.<\/p>\t\t\t\t\t\t\t\t<\/div>\n\t\t\t\t<\/div>\n\t\t\t\t<\/div>\n\t\t<div class=\"elementor-element elementor-element-cb3a5bc e-con-full e-flex e-con e-child\" data-id=\"cb3a5bc\" data-element_type=\"container\">\n\t\t\t\t<div class=\"elementor-element elementor-element-6d27651 elementor-widget elementor-widget-text-editor\" data-id=\"6d27651\" data-element_type=\"widget\" data-widget_type=\"text-editor.default\">\n\t\t\t\t<div class=\"elementor-widget-container\">\n\t\t\t\t\t\t\t\t\t<p>Lara has participated in major art fairs such as <strong>Estampa, Art Marbella, and Enter Art Fair, and her work has been exhibited in venues like the Arken Museum in Copenhagen (alongside figures like Marina Abramovi\u0107 and Ai Weiwei), the Kofukuji Temple in Nagasaki, and the Gustavo de Maeztu Museum, among others.<\/strong> Her pieces also belong to institutional and private collections across Europe, the U.S., and Japan, including the Smithsonian Foundation.<\/p><p>Her creative process, as she has explained in interviews, is as deliberate as it is open to chance and intuition. She works from sensory experience: color as a reflection of time, dichroic glass as a revelation of the ephemeral, concrete as the material of the present. This formal diversity does not dilute her coherence\u2014it enriches it.<\/p><p>From solo exhibitions like Es cuesti\u00f3n de tiempo (2022) or Amazonas, madre agua (2021) to group shows like Estaci\u00f3n total or L\u00edneas rectas, her work proposes a visual cartography that engages viewers through both the intimate and the universal. Mercedes Lara does not pursue a fixed aesthetic: she moves, mutates, and grows, faithful to the conviction that the best work, as she herself says, <b>&#8220;is the one yet to come.&#8221;<\/b><\/p>\t\t\t\t\t\t\t\t<\/div>\n\t\t\t\t<\/div>\n\t\t\t\t<\/div>\n\t\t\t\t\t<\/div>\n\t\t\t\t<\/div>\n\t\t<div class=\"elementor-element elementor-element-4bf7b50 e-con-full e-flex e-con e-parent\" data-id=\"4bf7b50\" data-element_type=\"container\">\n\t\t\t\t<div class=\"elementor-element elementor-element-2175e45 elementor-widget elementor-widget-image-gallery\" data-id=\"2175e45\" data-element_type=\"widget\" data-widget_type=\"image-gallery.default\">\n\t\t\t\t<div class=\"elementor-widget-container\">\n\t\t\t\t\t\t\t<div class=\"elementor-image-gallery\">\n\t\t\t<div id='gallery-1' class='gallery galleryid-20749 gallery-columns-5 gallery-size-thumbnail'><figure class='gallery-item'>\n\t\t\t<div class='gallery-icon landscape'>\n\t\t\t\t<a data-elementor-open-lightbox=\"yes\" data-elementor-lightbox-slideshow=\"2175e45\" data-e-action-hash=\"#elementor-action%3Aaction%3Dlightbox%26settings%3DeyJpZCI6MjA3NTIsInVybCI6Imh0dHBzOlwvXC90YXJ0Z2V0cGFpbnRpbmdwcml6ZS5jb21cL3dwLWNvbnRlbnRcL3VwbG9hZHNcL01MMDEuanBnIiwic2xpZGVzaG93IjoiMjE3NWU0NSJ9\" href='https:\/\/tartgetpaintingprize.com\/wp-content\/uploads\/ML01.jpg'><img decoding=\"async\" width=\"300\" height=\"300\" src=\"https:\/\/tartgetpaintingprize.com\/wp-content\/uploads\/ML01-300x300.jpg\" class=\"attachment-thumbnail size-thumbnail\" alt=\"\" \/><\/a>\n\t\t\t<\/div><\/figure><figure class='gallery-item'>\n\t\t\t<div class='gallery-icon landscape'>\n\t\t\t\t<a data-elementor-open-lightbox=\"yes\" data-elementor-lightbox-slideshow=\"2175e45\" data-e-action-hash=\"#elementor-action%3Aaction%3Dlightbox%26settings%3DeyJpZCI6MjA3NTMsInVybCI6Imh0dHBzOlwvXC90YXJ0Z2V0cGFpbnRpbmdwcml6ZS5jb21cL3dwLWNvbnRlbnRcL3VwbG9hZHNcL01MMDIuanBnIiwic2xpZGVzaG93IjoiMjE3NWU0NSJ9\" href='https:\/\/tartgetpaintingprize.com\/wp-content\/uploads\/ML02.jpg'><img decoding=\"async\" width=\"300\" height=\"300\" src=\"https:\/\/tartgetpaintingprize.com\/wp-content\/uploads\/ML02-300x300.jpg\" class=\"attachment-thumbnail size-thumbnail\" alt=\"\" \/><\/a>\n\t\t\t<\/div><\/figure><figure class='gallery-item'>\n\t\t\t<div class='gallery-icon landscape'>\n\t\t\t\t<a data-elementor-open-lightbox=\"yes\" data-elementor-lightbox-slideshow=\"2175e45\" data-e-action-hash=\"#elementor-action%3Aaction%3Dlightbox%26settings%3DeyJpZCI6MjA3NTQsInVybCI6Imh0dHBzOlwvXC90YXJ0Z2V0cGFpbnRpbmdwcml6ZS5jb21cL3dwLWNvbnRlbnRcL3VwbG9hZHNcL01MMDMuanBnIiwic2xpZGVzaG93IjoiMjE3NWU0NSJ9\" href='https:\/\/tartgetpaintingprize.com\/wp-content\/uploads\/ML03.jpg'><img loading=\"lazy\" decoding=\"async\" width=\"300\" height=\"300\" src=\"https:\/\/tartgetpaintingprize.com\/wp-content\/uploads\/ML03-300x300.jpg\" class=\"attachment-thumbnail size-thumbnail\" alt=\"\" \/><\/a>\n\t\t\t<\/div><\/figure><figure class='gallery-item'>\n\t\t\t<div class='gallery-icon landscape'>\n\t\t\t\t<a data-elementor-open-lightbox=\"yes\" data-elementor-lightbox-slideshow=\"2175e45\" data-e-action-hash=\"#elementor-action%3Aaction%3Dlightbox%26settings%3DeyJpZCI6MjA3NTUsInVybCI6Imh0dHBzOlwvXC90YXJ0Z2V0cGFpbnRpbmdwcml6ZS5jb21cL3dwLWNvbnRlbnRcL3VwbG9hZHNcL01MMDQuanBnIiwic2xpZGVzaG93IjoiMjE3NWU0NSJ9\" href='https:\/\/tartgetpaintingprize.com\/wp-content\/uploads\/ML04.jpg'><img loading=\"lazy\" decoding=\"async\" width=\"300\" height=\"300\" src=\"https:\/\/tartgetpaintingprize.com\/wp-content\/uploads\/ML04-300x300.jpg\" class=\"attachment-thumbnail size-thumbnail\" alt=\"\" \/><\/a>\n\t\t\t<\/div><\/figure><figure class='gallery-item'>\n\t\t\t<div class='gallery-icon landscape'>\n\t\t\t\t<a data-elementor-open-lightbox=\"yes\" data-elementor-lightbox-slideshow=\"2175e45\" data-e-action-hash=\"#elementor-action%3Aaction%3Dlightbox%26settings%3DeyJpZCI6MjA3NTYsInVybCI6Imh0dHBzOlwvXC90YXJ0Z2V0cGFpbnRpbmdwcml6ZS5jb21cL3dwLWNvbnRlbnRcL3VwbG9hZHNcL01MMDUuanBnIiwic2xpZGVzaG93IjoiMjE3NWU0NSJ9\" href='https:\/\/tartgetpaintingprize.com\/wp-content\/uploads\/ML05.jpg'><img loading=\"lazy\" decoding=\"async\" width=\"300\" height=\"300\" src=\"https:\/\/tartgetpaintingprize.com\/wp-content\/uploads\/ML05-300x300.jpg\" class=\"attachment-thumbnail size-thumbnail\" alt=\"\" \/><\/a>\n\t\t\t<\/div><\/figure>\n\t\t<\/div>\n\t\t<\/div>\n\t\t\t\t\t\t<\/div>\n\t\t\t\t<\/div>\n\t\t\t\t<\/div>\n\t\t\t\t<\/div>\n\t\t","protected":false},"excerpt":{"rendered":"<p>Mercedes Lara Garz\u00e1s Mercedes Lara Garz\u00e1s Instagram www.mercedeslara.com Light, Time, and Space as Artistic Territory. Born in Daimiel (Ciudad Real) in 1967 and based in Madrid, Mercedes Lara Garz\u00e1s is a contemporary artist whose work spans multiple media and materials, united by a constant: the poetic and conceptual exploration of time, space, borders, and memory. [&hellip;]<\/p>\n","protected":false},"author":1,"featured_media":0,"parent":0,"menu_order":0,"comment_status":"closed","ping_status":"closed","template":"","meta":{"footnotes":""},"class_list":["post-20749","page","type-page","status-publish","hentry"],"_links":{"self":[{"href":"https:\/\/tartgetpaintingprize.com\/index.php\/wp-json\/wp\/v2\/pages\/20749","targetHints":{"allow":["GET"]}}],"collection":[{"href":"https:\/\/tartgetpaintingprize.com\/index.php\/wp-json\/wp\/v2\/pages"}],"about":[{"href":"https:\/\/tartgetpaintingprize.com\/index.php\/wp-json\/wp\/v2\/types\/page"}],"author":[{"embeddable":true,"href":"https:\/\/tartgetpaintingprize.com\/index.php\/wp-json\/wp\/v2\/users\/1"}],"replies":[{"embeddable":true,"href":"https:\/\/tartgetpaintingprize.com\/index.php\/wp-json\/wp\/v2\/comments?post=20749"}],"version-history":[{"count":2,"href":"https:\/\/tartgetpaintingprize.com\/index.php\/wp-json\/wp\/v2\/pages\/20749\/revisions"}],"predecessor-version":[{"id":20765,"href":"https:\/\/tartgetpaintingprize.com\/index.php\/wp-json\/wp\/v2\/pages\/20749\/revisions\/20765"}],"wp:attachment":[{"href":"https:\/\/tartgetpaintingprize.com\/index.php\/wp-json\/wp\/v2\/media?parent=20749"}],"curies":[{"name":"wp","href":"https:\/\/api.w.org\/{rel}","templated":true}]}}