



{"id":20760,"date":"2025-05-06T18:52:50","date_gmt":"2025-05-06T16:52:50","guid":{"rendered":"https:\/\/tartgetpaintingprize.com\/?page_id=20760"},"modified":"2025-05-06T19:32:34","modified_gmt":"2025-05-06T17:32:34","slug":"juror-gomez-cambronero","status":"publish","type":"page","link":"https:\/\/tartgetpaintingprize.com\/index.php\/juror-gomez-cambronero\/","title":{"rendered":"Juror &#8211; Gomez Cambronero"},"content":{"rendered":"\t\t<div data-elementor-type=\"wp-page\" data-elementor-id=\"20760\" class=\"elementor elementor-20760\" data-elementor-post-type=\"page\">\n\t\t\t\t<div class=\"elementor-element elementor-element-e4a14d2 e-flex e-con-boxed e-con e-parent\" data-id=\"e4a14d2\" data-element_type=\"container\">\n\t\t\t\t\t<div class=\"e-con-inner\">\n\t\t<div class=\"elementor-element elementor-element-69082e8 e-con-full e-flex e-con e-child\" data-id=\"69082e8\" data-element_type=\"container\">\n\t\t\t\t<div class=\"elementor-element elementor-element-b0b0587 elementor-widget elementor-widget-image\" data-id=\"b0b0587\" data-element_type=\"widget\" data-widget_type=\"image.default\">\n\t\t\t\t<div class=\"elementor-widget-container\">\n\t\t\t\t\t\t\t\t\t\t\t\t<figure class=\"wp-caption\">\n\t\t\t\t\t\t\t\t\t\t<img fetchpriority=\"high\" decoding=\"async\" width=\"768\" height=\"965\" src=\"https:\/\/tartgetpaintingprize.com\/wp-content\/uploads\/GomezCambronero02-768x965.jpg\" class=\"attachment-medium_large size-medium_large wp-image-20771\" alt=\"G\u00f3mez Cambronero\" srcset=\"https:\/\/tartgetpaintingprize.com\/wp-content\/uploads\/GomezCambronero02-768x965.jpg 768w, https:\/\/tartgetpaintingprize.com\/wp-content\/uploads\/GomezCambronero02-478x600.jpg 478w, https:\/\/tartgetpaintingprize.com\/wp-content\/uploads\/GomezCambronero02-860x1080.jpg 860w, https:\/\/tartgetpaintingprize.com\/wp-content\/uploads\/GomezCambronero02.jpg 1170w\" sizes=\"(max-width: 768px) 100vw, 768px\" \/>\t\t\t\t\t\t\t\t\t\t\t<figcaption class=\"widget-image-caption wp-caption-text\">G\u00f3mez Cambronero<\/figcaption>\n\t\t\t\t\t\t\t\t\t\t<\/figure>\n\t\t\t\t\t\t\t\t\t<\/div>\n\t\t\t\t<\/div>\n\t\t\t\t<\/div>\n\t\t<div class=\"elementor-element elementor-element-71d8775 e-con-full e-flex e-con e-child\" data-id=\"71d8775\" data-element_type=\"container\">\n\t\t<div class=\"elementor-element elementor-element-07e8f18 e-flex e-con-boxed e-con e-child\" data-id=\"07e8f18\" data-element_type=\"container\">\n\t\t\t\t\t<div class=\"e-con-inner\">\n\t\t\t\t<div class=\"elementor-element elementor-element-ac4b41b elementor-widget elementor-widget-heading\" data-id=\"ac4b41b\" data-element_type=\"widget\" data-widget_type=\"heading.default\">\n\t\t\t\t<div class=\"elementor-widget-container\">\n\t\t\t\t\t<h1 class=\"elementor-heading-title elementor-size-default\">Juan Francisco G\u00f3mez Cambronero<\/h1>\t\t\t\t<\/div>\n\t\t\t\t<\/div>\n\t\t\t\t<div class=\"elementor-element elementor-element-0c297f4 elementor-hidden-mobile elementor-view-default elementor-widget elementor-widget-icon\" data-id=\"0c297f4\" data-element_type=\"widget\" data-widget_type=\"icon.default\">\n\t\t\t\t<div class=\"elementor-widget-container\">\n\t\t\t\t\t\t\t<div class=\"elementor-icon-wrapper\">\n\t\t\t<a class=\"elementor-icon\" href=\"https:\/\/tartgetpaintingprize.com\/index.php\/jury02\/\">\n\t\t\t<svg aria-hidden=\"true\" class=\"e-font-icon-svg e-fas-arrow-left\" viewBox=\"0 0 448 512\" xmlns=\"http:\/\/www.w3.org\/2000\/svg\"><path d=\"M257.5 445.1l-22.2 22.2c-9.4 9.4-24.6 9.4-33.9 0L7 273c-9.4-9.4-9.4-24.6 0-33.9L201.4 44.7c9.4-9.4 24.6-9.4 33.9 0l22.2 22.2c9.5 9.5 9.3 25-.4 34.3L136.6 216H424c13.3 0 24 10.7 24 24v32c0 13.3-10.7 24-24 24H136.6l120.5 114.8c9.8 9.3 10 24.8.4 34.3z\"><\/path><\/svg>\t\t\t<\/a>\n\t\t<\/div>\n\t\t\t\t\t\t<\/div>\n\t\t\t\t<\/div>\n\t\t\t\t\t<\/div>\n\t\t\t\t<\/div>\n\t\t\t\t<div class=\"elementor-element elementor-element-75ca95a e-grid-align-left elementor-shape-rounded elementor-grid-0 elementor-widget elementor-widget-social-icons\" data-id=\"75ca95a\" data-element_type=\"widget\" data-widget_type=\"social-icons.default\">\n\t\t\t\t<div class=\"elementor-widget-container\">\n\t\t\t\t\t\t\t<div class=\"elementor-social-icons-wrapper elementor-grid\" role=\"list\">\n\t\t\t\t\t\t\t<span class=\"elementor-grid-item\" role=\"listitem\">\n\t\t\t\t\t<a class=\"elementor-icon elementor-social-icon elementor-social-icon-instagram elementor-repeater-item-a8241c4\" href=\"https:\/\/www.instagram.com\/gomezcambronero.artist\/\" target=\"_blank\">\n\t\t\t\t\t\t<span class=\"elementor-screen-only\">Instagram<\/span>\n\t\t\t\t\t\t<svg aria-hidden=\"true\" class=\"e-font-icon-svg e-fab-instagram\" viewBox=\"0 0 448 512\" xmlns=\"http:\/\/www.w3.org\/2000\/svg\"><path d=\"M224.1 141c-63.6 0-114.9 51.3-114.9 114.9s51.3 114.9 114.9 114.9S339 319.5 339 255.9 287.7 141 224.1 141zm0 189.6c-41.1 0-74.7-33.5-74.7-74.7s33.5-74.7 74.7-74.7 74.7 33.5 74.7 74.7-33.6 74.7-74.7 74.7zm146.4-194.3c0 14.9-12 26.8-26.8 26.8-14.9 0-26.8-12-26.8-26.8s12-26.8 26.8-26.8 26.8 12 26.8 26.8zm76.1 27.2c-1.7-35.9-9.9-67.7-36.2-93.9-26.2-26.2-58-34.4-93.9-36.2-37-2.1-147.9-2.1-184.9 0-35.8 1.7-67.6 9.9-93.9 36.1s-34.4 58-36.2 93.9c-2.1 37-2.1 147.9 0 184.9 1.7 35.9 9.9 67.7 36.2 93.9s58 34.4 93.9 36.2c37 2.1 147.9 2.1 184.9 0 35.9-1.7 67.7-9.9 93.9-36.2 26.2-26.2 34.4-58 36.2-93.9 2.1-37 2.1-147.8 0-184.8zM398.8 388c-7.8 19.6-22.9 34.7-42.6 42.6-29.5 11.7-99.5 9-132.1 9s-102.7 2.6-132.1-9c-19.6-7.8-34.7-22.9-42.6-42.6-11.7-29.5-9-99.5-9-132.1s-2.6-102.7 9-132.1c7.8-19.6 22.9-34.7 42.6-42.6 29.5-11.7 99.5-9 132.1-9s102.7-2.6 132.1 9c19.6 7.8 34.7 22.9 42.6 42.6 11.7 29.5 9 99.5 9 132.1s2.7 102.7-9 132.1z\"><\/path><\/svg>\t\t\t\t\t<\/a>\n\t\t\t\t<\/span>\n\t\t\t\t\t\t\t<span class=\"elementor-grid-item\" role=\"listitem\">\n\t\t\t\t\t<a class=\"elementor-icon elementor-social-icon elementor-social-icon-facebook elementor-repeater-item-41eea61\" href=\"https:\/\/www.facebook.com\/juanfrancisco.gomezcambroneroalonso\/?locale=es_ES\" target=\"_blank\">\n\t\t\t\t\t\t<span class=\"elementor-screen-only\">Facebook<\/span>\n\t\t\t\t\t\t<svg aria-hidden=\"true\" class=\"e-font-icon-svg e-fab-facebook\" viewBox=\"0 0 512 512\" xmlns=\"http:\/\/www.w3.org\/2000\/svg\"><path d=\"M504 256C504 119 393 8 256 8S8 119 8 256c0 123.78 90.69 226.38 209.25 245V327.69h-63V256h63v-54.64c0-62.15 37-96.48 93.67-96.48 27.14 0 55.52 4.84 55.52 4.84v61h-31.28c-30.8 0-40.41 19.12-40.41 38.73V256h68.78l-11 71.69h-57.78V501C413.31 482.38 504 379.78 504 256z\"><\/path><\/svg>\t\t\t\t\t<\/a>\n\t\t\t\t<\/span>\n\t\t\t\t\t<\/div>\n\t\t\t\t\t\t<\/div>\n\t\t\t\t<\/div>\n\t\t\t\t<div class=\"elementor-element elementor-element-cbd2e76 elementor-widget elementor-widget-heading\" data-id=\"cbd2e76\" data-element_type=\"widget\" data-widget_type=\"heading.default\">\n\t\t\t\t<div class=\"elementor-widget-container\">\n\t\t\t\t\t<h1 class=\"elementor-heading-title elementor-size-default\"><a href=\"https:\/\/gomezcambronero.com\/\" target=\"_blank\">www.gomezcambronero.com<\/a><\/h1>\t\t\t\t<\/div>\n\t\t\t\t<\/div>\n\t\t\t\t<div class=\"elementor-element elementor-element-0d94c76 elementor-widget elementor-widget-text-editor\" data-id=\"0d94c76\" data-element_type=\"widget\" data-widget_type=\"text-editor.default\">\n\t\t\t\t<div class=\"elementor-widget-container\">\n\t\t\t\t\t\t\t\t\t<p><strong>Juan Francisco G\u00f3mez-Cambronero (Madrid, 1976)<\/strong>\u00a0is a painter with a prominent international profile, whose work combines refined technique, bold yet balanced brushstrokes, deep emotional resonance, and a highly personal visual narrative. Based in Daimiel, in the heart of La Mancha, he balances his training as a civil engineer with a profound artistic vocation cultivated since childhood.<\/p>\t\t\t\t\t\t\t\t<\/div>\n\t\t\t\t<\/div>\n\t\t\t\t<\/div>\n\t\t<div class=\"elementor-element elementor-element-bb7108f e-con-full e-flex e-con e-child\" data-id=\"bb7108f\" data-element_type=\"container\">\n\t\t\t\t<div class=\"elementor-element elementor-element-d21324c elementor-widget elementor-widget-text-editor\" data-id=\"d21324c\" data-element_type=\"widget\" data-widget_type=\"text-editor.default\">\n\t\t\t\t<div class=\"elementor-widget-container\">\n\t\t\t\t\t\t\t\t\t<p class=\"ds-markdown-paragraph\">His style, which he defines as\u00a0<strong>contemporary narrative figurative art,<\/strong> fuses light, movement, and color into compositions that seek to evoke atmospheres rich with meaning. He fractures lines and contours to free his paintings from rigidity and amplify their expressiveness. Each work emerges from an emotion or idea demanding transformation into imagery, which is why his output is limited and every piece is unique. He enjoys exploring diverse themes\u2014from portraiture to urban landscapes\u2014as a way to savor painting in all its possibilities.<\/p><p class=\"ds-markdown-paragraph\">He has exhibited in countries such as the United States, Germany, Italy, Sweden, Hungary, Monaco, Morocco, and the United Arab Emirates, and has received numerous national and international awards. <strong>His works are held in private and institutional collections<\/strong> in New York, South Korea, Taiwan, Austria, Switzerland, and Germany. In 2023, <strong>his art was showcased at the European Parliament in Brussels<\/strong>, and he was a finalist in prestigious competitions like the\u00a0<em>ARC Salon<\/em>\u00a0(New York, 2024) and\u00a0<em>MOD PORTRAIT<\/em>\u00a0(MEAM, Barcelona).<\/p><p class=\"ds-markdown-paragraph\">Currently, he directs the international\u00a0<strong><em>Tartget Prize<\/em><\/strong>\u00a0and serves as a juror for various art contests, contributing his exhibition experience, artistic discernment, and a distinctive sensitivity toward visual storytelling and technical\u00a0excellence.<\/p>\t\t\t\t\t\t\t\t<\/div>\n\t\t\t\t<\/div>\n\t\t\t\t<\/div>\n\t\t\t\t\t<\/div>\n\t\t\t\t<\/div>\n\t\t<div class=\"elementor-element elementor-element-8a8fd02 e-con-full e-flex e-con e-parent\" data-id=\"8a8fd02\" data-element_type=\"container\">\n\t\t\t\t<div class=\"elementor-element elementor-element-37553c1 elementor-widget elementor-widget-image-gallery\" data-id=\"37553c1\" data-element_type=\"widget\" data-widget_type=\"image-gallery.default\">\n\t\t\t\t<div class=\"elementor-widget-container\">\n\t\t\t\t\t\t\t<div class=\"elementor-image-gallery\">\n\t\t\t<div id='gallery-1' class='gallery galleryid-20760 gallery-columns-5 gallery-size-thumbnail'><figure class='gallery-item'>\n\t\t\t<div class='gallery-icon portrait'>\n\t\t\t\t<a data-elementor-open-lightbox=\"yes\" data-elementor-lightbox-slideshow=\"37553c1\" data-e-action-hash=\"#elementor-action%3Aaction%3Dlightbox%26settings%3DeyJpZCI6MjA3NzYsInVybCI6Imh0dHBzOlwvXC90YXJ0Z2V0cGFpbnRpbmdwcml6ZS5jb21cL3dwLWNvbnRlbnRcL3VwbG9hZHNcL0dDMDIuanBnIiwic2xpZGVzaG93IjoiMzc1NTNjMSJ9\" href='https:\/\/tartgetpaintingprize.com\/wp-content\/uploads\/GC02.jpg'><img decoding=\"async\" width=\"300\" height=\"300\" src=\"https:\/\/tartgetpaintingprize.com\/wp-content\/uploads\/GC02-300x300.jpg\" class=\"attachment-thumbnail size-thumbnail\" alt=\"\" \/><\/a>\n\t\t\t<\/div><\/figure><figure class='gallery-item'>\n\t\t\t<div class='gallery-icon landscape'>\n\t\t\t\t<a data-elementor-open-lightbox=\"yes\" data-elementor-lightbox-slideshow=\"37553c1\" data-e-action-hash=\"#elementor-action%3Aaction%3Dlightbox%26settings%3DeyJpZCI6MjA3NzcsInVybCI6Imh0dHBzOlwvXC90YXJ0Z2V0cGFpbnRpbmdwcml6ZS5jb21cL3dwLWNvbnRlbnRcL3VwbG9hZHNcL0dDMDQuanBnIiwic2xpZGVzaG93IjoiMzc1NTNjMSJ9\" href='https:\/\/tartgetpaintingprize.com\/wp-content\/uploads\/GC04.jpg'><img decoding=\"async\" width=\"300\" height=\"300\" src=\"https:\/\/tartgetpaintingprize.com\/wp-content\/uploads\/GC04-300x300.jpg\" class=\"attachment-thumbnail size-thumbnail\" alt=\"\" \/><\/a>\n\t\t\t<\/div><\/figure><figure class='gallery-item'>\n\t\t\t<div class='gallery-icon portrait'>\n\t\t\t\t<a data-elementor-open-lightbox=\"yes\" data-elementor-lightbox-slideshow=\"37553c1\" data-e-action-hash=\"#elementor-action%3Aaction%3Dlightbox%26settings%3DeyJpZCI6MjA3NzgsInVybCI6Imh0dHBzOlwvXC90YXJ0Z2V0cGFpbnRpbmdwcml6ZS5jb21cL3dwLWNvbnRlbnRcL3VwbG9hZHNcL0dDMDUuanBnIiwic2xpZGVzaG93IjoiMzc1NTNjMSJ9\" href='https:\/\/tartgetpaintingprize.com\/wp-content\/uploads\/GC05.jpg'><img loading=\"lazy\" decoding=\"async\" width=\"300\" height=\"300\" src=\"https:\/\/tartgetpaintingprize.com\/wp-content\/uploads\/GC05-300x300.jpg\" class=\"attachment-thumbnail size-thumbnail\" alt=\"\" \/><\/a>\n\t\t\t<\/div><\/figure><figure class='gallery-item'>\n\t\t\t<div class='gallery-icon landscape'>\n\t\t\t\t<a data-elementor-open-lightbox=\"yes\" data-elementor-lightbox-slideshow=\"37553c1\" data-e-action-hash=\"#elementor-action%3Aaction%3Dlightbox%26settings%3DeyJpZCI6MjA3NzUsInVybCI6Imh0dHBzOlwvXC90YXJ0Z2V0cGFpbnRpbmdwcml6ZS5jb21cL3dwLWNvbnRlbnRcL3VwbG9hZHNcL0dDMDEuanBnIiwic2xpZGVzaG93IjoiMzc1NTNjMSJ9\" href='https:\/\/tartgetpaintingprize.com\/wp-content\/uploads\/GC01.jpg'><img loading=\"lazy\" decoding=\"async\" width=\"300\" height=\"300\" src=\"https:\/\/tartgetpaintingprize.com\/wp-content\/uploads\/GC01-300x300.jpg\" class=\"attachment-thumbnail size-thumbnail\" alt=\"\" srcset=\"https:\/\/tartgetpaintingprize.com\/wp-content\/uploads\/GC01-300x300.jpg 300w, https:\/\/tartgetpaintingprize.com\/wp-content\/uploads\/GC01-600x600.jpg 600w, https:\/\/tartgetpaintingprize.com\/wp-content\/uploads\/GC01-1081x1080.jpg 1081w, https:\/\/tartgetpaintingprize.com\/wp-content\/uploads\/GC01-768x767.jpg 768w, https:\/\/tartgetpaintingprize.com\/wp-content\/uploads\/GC01-1536x1536.jpg 1536w, https:\/\/tartgetpaintingprize.com\/wp-content\/uploads\/GC01-2048x2046.jpg 2048w\" sizes=\"(max-width: 300px) 100vw, 300px\" \/><\/a>\n\t\t\t<\/div><\/figure><figure class='gallery-item'>\n\t\t\t<div class='gallery-icon portrait'>\n\t\t\t\t<a data-elementor-open-lightbox=\"yes\" data-elementor-lightbox-slideshow=\"37553c1\" data-e-action-hash=\"#elementor-action%3Aaction%3Dlightbox%26settings%3DeyJpZCI6MjA3NzksInVybCI6Imh0dHBzOlwvXC90YXJ0Z2V0cGFpbnRpbmdwcml6ZS5jb21cL3dwLWNvbnRlbnRcL3VwbG9hZHNcL0dDMDMuanBnIiwic2xpZGVzaG93IjoiMzc1NTNjMSJ9\" href='https:\/\/tartgetpaintingprize.com\/wp-content\/uploads\/GC03.jpg'><img loading=\"lazy\" decoding=\"async\" width=\"300\" height=\"300\" src=\"https:\/\/tartgetpaintingprize.com\/wp-content\/uploads\/GC03-300x300.jpg\" class=\"attachment-thumbnail size-thumbnail\" alt=\"\" \/><\/a>\n\t\t\t<\/div><\/figure>\n\t\t<\/div>\n\t\t<\/div>\n\t\t\t\t\t\t<\/div>\n\t\t\t\t<\/div>\n\t\t\t\t<\/div>\n\t\t\t\t<\/div>\n\t\t","protected":false},"excerpt":{"rendered":"<p>G\u00f3mez Cambronero Juan Francisco G\u00f3mez Cambronero Instagram Facebook www.gomezcambronero.com Juan Francisco G\u00f3mez-Cambronero (Madrid, 1976)\u00a0is a painter with a prominent international profile, whose work combines refined technique, bold yet balanced brushstrokes, deep emotional resonance, and a highly personal visual narrative. Based in Daimiel, in the heart of La Mancha, he balances his training as a civil [&hellip;]<\/p>\n","protected":false},"author":1,"featured_media":0,"parent":0,"menu_order":0,"comment_status":"closed","ping_status":"closed","template":"","meta":{"footnotes":""},"class_list":["post-20760","page","type-page","status-publish","hentry"],"_links":{"self":[{"href":"https:\/\/tartgetpaintingprize.com\/index.php\/wp-json\/wp\/v2\/pages\/20760","targetHints":{"allow":["GET"]}}],"collection":[{"href":"https:\/\/tartgetpaintingprize.com\/index.php\/wp-json\/wp\/v2\/pages"}],"about":[{"href":"https:\/\/tartgetpaintingprize.com\/index.php\/wp-json\/wp\/v2\/types\/page"}],"author":[{"embeddable":true,"href":"https:\/\/tartgetpaintingprize.com\/index.php\/wp-json\/wp\/v2\/users\/1"}],"replies":[{"embeddable":true,"href":"https:\/\/tartgetpaintingprize.com\/index.php\/wp-json\/wp\/v2\/comments?post=20760"}],"version-history":[{"count":2,"href":"https:\/\/tartgetpaintingprize.com\/index.php\/wp-json\/wp\/v2\/pages\/20760\/revisions"}],"predecessor-version":[{"id":20782,"href":"https:\/\/tartgetpaintingprize.com\/index.php\/wp-json\/wp\/v2\/pages\/20760\/revisions\/20782"}],"wp:attachment":[{"href":"https:\/\/tartgetpaintingprize.com\/index.php\/wp-json\/wp\/v2\/media?parent=20760"}],"curies":[{"name":"wp","href":"https:\/\/api.w.org\/{rel}","templated":true}]}}